{"id":15845,"date":"2026-03-30T20:09:37","date_gmt":"2026-03-30T18:09:37","guid":{"rendered":"https:\/\/oekehoogendijk.com\/blog\/?page_id=15845"},"modified":"2026-03-30T20:09:37","modified_gmt":"2026-03-30T18:09:37","slug":"the-holocaust-experience","status":"publish","type":"page","link":"https:\/\/oekehoogendijk.com\/blog\/?page_id=15845","title":{"rendered":"THE HOLOCAUST EXPERIENCE"},"content":{"rendered":"<div class=\"wpb-content-wrapper\"><p>[vc_row css_animation=&#8221;&#8221; row_type=&#8221;row&#8221; use_row_as_full_screen_section=&#8221;no&#8221; type=&#8221;full_width&#8221; angled_section=&#8221;no&#8221; text_align=&#8221;left&#8221; background_image_as_pattern=&#8221;without_pattern&#8221;][vc_column width=&#8221;1\/4&#8243;][vc_empty_space][\/vc_column][vc_column width=&#8221;3\/4&#8243;][vc_single_image image=&#8221;14997&#8243; img_size=&#8221;full&#8221; css=&#8221;&#8221; qode_css_animation=&#8221;&#8221;][vc_empty_space height=&#8221;25px&#8221;][vc_column_text css=&#8221;&#8221;]<strong>DE HOLOCAUST EXPERIENCE (2002)<\/strong>[\/vc_column_text][vc_empty_space height=&#8221;10px&#8221;][vc_column_text css=&#8221;&#8221;]The Holocaust Experience (2002) In het Staatsmuseum Auschwitz wordt een verbeten strijd geleverd met de tijd. E\u00e9n voor \u00e9\u00e9n worden de betonnen palen gerestaureerd die tijdens de Tweede Wereldoorlog de gevangenen omheinden: vijfduizend palen met prikkeldraad. \u201cHier moet alles blijven zoals het was,\u201d zegt een van de werklieden plichtbewust.[\/vc_column_text][vc_empty_space height=&#8221;10px&#8221;][vc_column_text css=&#8221;&#8221;]Dat lijkt een onmogelijke opgave: sommige plaatsen in het kamp waar zich de grootste gruwelen hebben voltrokken zijn allang overwoekerd met onkruid. Terwijl Auschwitz worstelt met zijn vergankelijkheid, maakt het virtuele Auschwitz in de Amerikaanse holocaustmusea furore. Bezoekers in het van het <em>Beit Hashoaha Museum of Tolerance<\/em> in Los Angeles, die \u2018een dagje Holocaust doen\u2019, betreden een nagebouwde gaskamer.[\/vc_column_text][vc_empty_space height=&#8221;10px&#8221;][vc_column_text css=&#8221;&#8221;]Deze film onderzoekt hoe aan weerskanten van de oceaan de herinnering aan de Holocaust levend wordt gehouden. Daarbij wordt zowel de menselijke inspanning als de onmacht voelbaar om de herinnering aan de grootste tragedie van de twintigste eeuw voor latere generaties te bewaren.[\/vc_column_text][vc_empty_space height=&#8221;10px&#8221;][vc_column_text css=&#8221;&#8221;]\n<table id=\"tablepress-9\" class=\"tablepress tablepress-id-9\">\n<thead>\n<tr class=\"row-1\">\n\t<th class=\"column-1\">Originele Titel<\/th><td class=\"column-2\"><\/td><th class=\"column-3\">De Holocaust Experience<\/th>\n<\/tr>\n<\/thead>\n<tbody class=\"row-striping\">\n<tr class=\"row-2\">\n\t<td class=\"column-1\">Duur:<\/td><td class=\"column-2\"><\/td><td class=\"column-3\">50 min.<\/td>\n<\/tr>\n<tr class=\"row-3\">\n\t<td class=\"column-1\">Scenario:<\/td><td class=\"column-2\"><\/td><td class=\"column-3\">Oeke Hoogendijk, Paul Cohen<\/td>\n<\/tr>\n<tr class=\"row-4\">\n\t<td class=\"column-1\">Regie:<\/td><td class=\"column-2\"><\/td><td class=\"column-3\">Oeke Hoogendijk<\/td>\n<\/tr>\n<tr class=\"row-5\">\n\t<td class=\"column-1\">Montage:<\/td><td class=\"column-2\"><\/td><td class=\"column-3\">Erik Disselhoff<\/td>\n<\/tr>\n<tr class=\"row-6\">\n\t<td class=\"column-1\">Cinematografie:<\/td><td class=\"column-2\"><\/td><td class=\"column-3\">Paul Cohen<\/td>\n<\/tr>\n<tr class=\"row-7\">\n\t<td class=\"column-1\">Geluid:<\/td><td class=\"column-2\"><\/td><td class=\"column-3\">Bert van den Dungen, Marc Wessner<\/td>\n<\/tr>\n<tr class=\"row-8\">\n\t<td class=\"column-1\">Muziek:<\/td><td class=\"column-2\"><\/td><td class=\"column-3\">Paul M. van Brugge<\/td>\n<\/tr>\n<tr class=\"row-9\">\n\t<td class=\"column-1\">Geproduceerd door:<\/td><td class=\"column-2\"><\/td><td class=\"column-3\">Jan de Ruiter<\/td>\n<\/tr>\n<tr class=\"row-10\">\n\t<td class=\"column-1\">Producent:<\/td><td class=\"column-2\"><\/td><td class=\"column-3\">Selfmade Film<\/td>\n<\/tr>\n<tr class=\"row-11\">\n\t<td class=\"column-1\"><\/td><td class=\"column-2\"><\/td><td class=\"column-3\"><\/td>\n<\/tr>\n<\/tbody>\n<\/table>\n<!-- #tablepress-9 from cache -->[\/vc_column_text][\/vc_column][vc_column][vc_empty_space][\/vc_column][\/vc_row]<\/p>\n<\/div>","protected":false},"excerpt":{"rendered":"<p>[vc_row css_animation=&#8221;&#8221; row_type=&#8221;row&#8221; use_row_as_full_screen_section=&#8221;no&#8221; type=&#8221;full_width&#8221; angled_section=&#8221;no&#8221; text_align=&#8221;left&#8221; background_image_as_pattern=&#8221;without_pattern&#8221;][vc_column width=&#8221;1\/4&#8243;][vc_empty_space][\/vc_column][vc_column width=&#8221;3\/4&#8243;][vc_single_image image=&#8221;14997&#8243; img_size=&#8221;full&#8221; css=&#8221;&#8221; qode_css_animation=&#8221;&#8221;][vc_empty_space height=&#8221;25px&#8221;][vc_column_text css=&#8221;&#8221;]DE HOLOCAUST EXPERIENCE (2002)[\/vc_column_text][vc_empty_space height=&#8221;10px&#8221;][vc_column_text css=&#8221;&#8221;]The Holocaust Experience (2002) In het Staatsmuseum Auschwitz wordt een verbeten strijd geleverd met de tijd. E\u00e9n voor \u00e9\u00e9n worden de betonnen palen gerestaureerd die tijdens de Tweede Wereldoorlog de gevangenen omheinden: vijfduizend palen met prikkeldraad. \u201cHier moet alles blijven zoals het was,\u201d zegt een van de werklieden plichtbewust.[\/vc_column_text][vc_empty_space height=&#8221;10px&#8221;][vc_column_text css=&#8221;&#8221;]Dat lijkt een onmogelijke opgave: sommige plaatsen in het kamp waar zich de grootste gruwelen hebben voltrokken zijn allang overwoekerd met onkruid. Terwijl Auschwitz worstelt met zijn vergankelijkheid, maakt het virtuele Auschwitz in de Amerikaanse holocaustmusea furore. Bezoekers in het van het Beit Hashoaha Museum of Tolerance in Los Angeles, die \u2018een dagje Holocaust doen\u2019, betreden een nagebouwde gaskamer.[\/vc_column_text][vc_empty_space height=&#8221;10px&#8221;][vc_column_text css=&#8221;&#8221;]Deze film onderzoekt hoe aan weerskanten van de oceaan de herinnering aan de Holocaust levend wordt gehouden. Daarbij wordt zowel de menselijke inspanning als de onmacht voelbaar om de herinnering aan de grootste tragedie van de twintigste eeuw voor latere generaties te bewaren.[\/vc_column_text][vc_empty_space height=&#8221;10px&#8221;][vc_column_text css=&#8221;&#8221;][\/vc_column_text][\/vc_column][vc_column][vc_empty_space][\/vc_column][\/vc_row]<\/p>\n","protected":false},"author":1,"featured_media":0,"parent":0,"menu_order":0,"comment_status":"open","ping_status":"open","template":"","meta":{"footnotes":""},"class_list":["post-15845","page","type-page","status-publish","hentry"],"_links":{"self":[{"href":"https:\/\/oekehoogendijk.com\/blog\/index.php?rest_route=\/wp\/v2\/pages\/15845","targetHints":{"allow":["GET"]}}],"collection":[{"href":"https:\/\/oekehoogendijk.com\/blog\/index.php?rest_route=\/wp\/v2\/pages"}],"about":[{"href":"https:\/\/oekehoogendijk.com\/blog\/index.php?rest_route=\/wp\/v2\/types\/page"}],"author":[{"embeddable":true,"href":"https:\/\/oekehoogendijk.com\/blog\/index.php?rest_route=\/wp\/v2\/users\/1"}],"replies":[{"embeddable":true,"href":"https:\/\/oekehoogendijk.com\/blog\/index.php?rest_route=%2Fwp%2Fv2%2Fcomments&post=15845"}],"version-history":[{"count":2,"href":"https:\/\/oekehoogendijk.com\/blog\/index.php?rest_route=\/wp\/v2\/pages\/15845\/revisions"}],"predecessor-version":[{"id":15848,"href":"https:\/\/oekehoogendijk.com\/blog\/index.php?rest_route=\/wp\/v2\/pages\/15845\/revisions\/15848"}],"wp:attachment":[{"href":"https:\/\/oekehoogendijk.com\/blog\/index.php?rest_route=%2Fwp%2Fv2%2Fmedia&parent=15845"}],"curies":[{"name":"wp","href":"https:\/\/api.w.org\/{rel}","templated":true}]}}